{"id":2,"date":"2014-03-17T20:04:31","date_gmt":"2014-03-17T20:04:31","guid":{"rendered":"http:\/\/libnet.unse.edu.ar\/?page_id=2"},"modified":"2021-04-19T13:33:19","modified_gmt":"2021-04-19T13:33:19","slug":"pagina-ejemplo","status":"publish","type":"page","link":"https:\/\/libnet.unse.edu.ar\/?page_id=2","title":{"rendered":"QUIENES SOMOS"},"content":{"rendered":"<p><a name=\"arriba\"><\/a><\/p>\n<p style=\"text-align: center;\"><a class=\"btn btn-circle\" role=\"button\" href=\"#vision\">Vision<\/a>\u00a0<a class=\"btn btn-default\" role=\"button\" href=\"#servicio\">Servicios<\/a>\u00a0<a class=\"btn btn-default\" role=\"button\" href=\"#mision\">Mision<\/a>\u00a0<a class=\"btn btn-default\" role=\"button\" href=\"#servicio\">Recursos<\/a>\u00a0<a class=\"btn btn-default\" role=\"button\" href=\"http:\/\/libnet.unse.edu.ar\/?p=192\">Equipo de Trabajo<\/a><\/p>\n<p><a name=\"vision\"><\/a><\/p>\n<h1><span style=\"color: #800000;\">Mision<\/span><\/h1>\n<h4>La misi\u00f3n de la Biblioteca Central de la Universidad Nacional de Santiago del Estero (UNSE) es dar apoyo al aprendizaje, la docencia, la investigaci\u00f3n y la gesti\u00f3n de la Universidad en su conjunto, facilitando el acceso y difusi\u00f3n de recursos de informaci\u00f3n y colaborando en los procesos de creaci\u00f3n del conocimiento.<\/h4>\n<h1><strong><span style=\"color: #800000;\">Vision<\/span><\/strong><\/h1>\n<h4>Establecer estrategias y servicios de calidad centrados en la comunidad universitaria y<br \/>\nla sociedad, mediante:<\/h4>\n<ul>\n<li>Una gesti\u00f3n de excelencia, con profesionales especialistas, con capital humano proactivo, competente y adecuadamente capacitado.<\/li>\n<li>Gesti\u00f3n, preservaci\u00f3n y acceso eficaz a las colecciones y a la producci\u00f3n cient\u00edfica \/ acad\u00e9mica de la UNSE.<\/li>\n<li>Servicios innovadores que apoyen y faciliten el acceso a los estudiantes en su formaci\u00f3n integral y a los profesores e investigadores en todo el proceso de creaci\u00f3n del conocimiento.<\/li>\n<li>Creaci\u00f3n de espacios vers\u00e1tiles para el estudio y el trabajo individual o en grupo.<\/li>\n<li>Alianzas para progresar y promover el compromiso social y la sostenibilidad.<\/li>\n<\/ul>\n<p><a name=\"servicio\"><\/a><\/p>\n<h1><span style=\"color: #800000;\">Valores<\/span><\/h1>\n<p>Los valores por los que se rige la actividad de la Biblioteca son:<\/p>\n<ul>\n<li>El compromiso institucional.<\/li>\n<li>La orientaci\u00f3n y el servicio al usuario.<\/li>\n<li>La innovaci\u00f3n educativa y tecnol\u00f3gica.<\/li>\n<li>El compromiso con el Acceso Abierto a nuestra Ciencia.<\/li>\n<li>La responsabilidad y la inclusi\u00f3n social.<\/li>\n<li>La igualdad de oportunidades.<\/li>\n<\/ul>\n<h1><span style=\"color: #800000;\"><strong>Servicios<\/strong><\/span><\/h1>\n<p><a name=\"servicio\"><\/a><\/p>\n<p><a name=\"servicio\"><\/a><\/p>\n<h4>Prestamos<br \/>\n-Pr\u00e9stamo interno (sala de lectura)<br \/>\n-Pr\u00e9stamo Externo (a domicilio)<br \/>\n-Pr\u00e9stamos interbibliotecarios<br \/>\n<strong>Consultas<\/strong><br \/>\n-Preparaci\u00f3n de bibliograf\u00edas cortas<br \/>\n-Rastreo de material bibliogr\u00e1fico (permite ubicar cualquier libro en las Bibliotecas Universitarias del pa\u00eds (a trav\u00e9s de la red de Directores de Bibliotecas)<br \/>\n<strong>Bases de Datos<\/strong><br \/>\n&#8211; Biblioteca Electr\u00f3nica de Ciencia y Tecnolog\u00eda<br \/>\n&#8211; Pagina Web (en reconstrucci\u00f3n, (se pasa de html a gestor de contenidos)<br \/>\n&#8211; Autores Santiague\u00f1os<br \/>\n<strong>Intranet<\/strong><br \/>\n&#8211; Documentos a textos completos para la comunidad universitaria (usuarios \u2013 Ps)<\/h4>\n<h4>Esta organizada a trav\u00e9s de en seis\u00a0 (<strong>6<\/strong>) \u00e1reas de trabajo:<br \/>\n<strong>A<\/strong>\u00a0&#8211; Procesos T\u00e9cnicos,<br \/>\n<strong>B<\/strong>\u00a0&#8211; Servicios al Publico,<br \/>\n<strong>C<\/strong>\u00a0&#8211; Traducciones (ingles, Franc\u00e9s, Alem\u00e1n) (servicio incorporado 2010)<br \/>\n<strong>D<\/strong>\u00a0\u2013 Informatizaci\u00f3n y Documentaci\u00f3n (digitalizaci\u00f3n de documentos, pagina web)<br \/>\n<strong>E<\/strong>\u00a0&#8211; Biblioteconom\u00eda y<br \/>\n<strong>F<\/strong>\u00a0&#8211; Direcci\u00f3n,<\/h4>\n<p><a name=\"recursos\"><\/a><\/p>\n<h1><span style=\"color: #800000;\"><strong>Recursos<\/strong><\/span><\/h1>\n<p><a name=\"recursos\"><\/a><\/p>\n<h4><a name=\"recursos\"><\/a>&#8211; Cuenta con una\u00a0<strong>sala de lectura<\/strong>, una\u00a0<strong>sala de uso m\u00faltiples<\/strong>\u00a0(lectura, taller, exposici\u00f3n de tesis. multimedial)<\/h4>\n<h4>&#8211;\u00a0<strong>Colecciones especiales<\/strong>:<br \/>\nBiblioteca INDEC (instituto Nacional de Estad\u00edstica y Censos)<br \/>\nBiblioteca de Autores Santiague\u00f1os (en construcci\u00f3n)<br \/>\nIntranet ampliada (con documentos a texto completo), en desarrollo<\/h4>\n<h4>Volver <a href=\"#arriba\">arriba<\/a>.<br \/>\n<span style=\"color: #800000;\">\u00a0<\/span><\/h4>\n","protected":false},"excerpt":{"rendered":"<p>Vision\u00a0Servicios\u00a0Mision\u00a0Recursos\u00a0Equipo de Trabajo Mision La misi\u00f3n de la Biblioteca Central de la Universidad Nacional de Santiago del Estero (UNSE) es dar apoyo al aprendizaje, la docencia, la investigaci\u00f3n y la gesti\u00f3n de la Universidad en su conjunto, facilitando el acceso y difusi\u00f3n de recursos de informaci\u00f3n y colaborando en los procesos de creaci\u00f3n del conocimiento. &hellip; <\/p>\n<p><a class=\"more-link btn\" href=\"https:\/\/libnet.unse.edu.ar\/?page_id=2\">Seguir leyendo<\/a><\/p>\n","protected":false},"author":3,"featured_media":0,"parent":0,"menu_order":2,"comment_status":"open","ping_status":"open","template":"","meta":{"jetpack_post_was_ever_published":false,"footnotes":""},"class_list":["post-2","page","type-page","status-publish","hentry","nodate","item-wrap"],"jetpack_shortlink":"https:\/\/wp.me\/P4FZo8-2","jetpack_sharing_enabled":true,"jetpack_likes_enabled":true,"_links":{"self":[{"href":"https:\/\/libnet.unse.edu.ar\/index.php?rest_route=\/wp\/v2\/pages\/2","targetHints":{"allow":["GET"]}}],"collection":[{"href":"https:\/\/libnet.unse.edu.ar\/index.php?rest_route=\/wp\/v2\/pages"}],"about":[{"href":"https:\/\/libnet.unse.edu.ar\/index.php?rest_route=\/wp\/v2\/types\/page"}],"author":[{"embeddable":true,"href":"https:\/\/libnet.unse.edu.ar\/index.php?rest_route=\/wp\/v2\/users\/3"}],"replies":[{"embeddable":true,"href":"https:\/\/libnet.unse.edu.ar\/index.php?rest_route=%2Fwp%2Fv2%2Fcomments&post=2"}],"version-history":[{"count":1,"href":"https:\/\/libnet.unse.edu.ar\/index.php?rest_route=\/wp\/v2\/pages\/2\/revisions"}],"predecessor-version":[{"id":7,"href":"https:\/\/libnet.unse.edu.ar\/index.php?rest_route=\/wp\/v2\/pages\/2\/revisions\/7"}],"wp:attachment":[{"href":"https:\/\/libnet.unse.edu.ar\/index.php?rest_route=%2Fwp%2Fv2%2Fmedia&parent=2"}],"curies":[{"name":"wp","href":"https:\/\/api.w.org\/{rel}","templated":true}]}}